{"id":28846,"date":"2023-10-01T16:17:06","date_gmt":"2023-10-01T14:17:06","guid":{"rendered":"http:\/\/ellie-sante.ch\/?page_id=28846"},"modified":"2026-03-30T21:45:51","modified_gmt":"2026-03-30T19:45:51","slug":"accueil","status":"publish","type":"page","link":"https:\/\/ellie-sante.ch\/en\/","title":{"rendered":"Home"},"content":{"rendered":"\t\t<div data-elementor-type=\"wp-page\" data-elementor-id=\"28846\" class=\"elementor elementor-28846\" data-elementor-post-type=\"page\">\n\t\t\t\t<div class=\"elementor-element elementor-element-00cb22d e-con-full e-flex e-con e-parent\" data-id=\"00cb22d\" data-element_type=\"container\" data-e-type=\"container\" id=\"top\" data-settings=\"{&quot;background_background&quot;:&quot;classic&quot;,&quot;animation&quot;:&quot;none&quot;}\">\n\t\t\t\t<div class=\"elementor-element elementor-element-d026e77 elementor-fixed elementor-hidden-mobile elementor-invisible elementor-widget elementor-widget-global elementor-global-32421 elementor-widget-button\" data-id=\"d026e77\" data-element_type=\"widget\" data-e-type=\"widget\" data-settings=\"{&quot;_position&quot;:&quot;fixed&quot;,&quot;motion_fx_motion_fx_scrolling&quot;:&quot;yes&quot;,&quot;motion_fx_opacity_effect&quot;:&quot;yes&quot;,&quot;motion_fx_opacity_direction&quot;:&quot;in-out&quot;,&quot;motion_fx_opacity_range&quot;:{&quot;unit&quot;:&quot;%&quot;,&quot;size&quot;:&quot;&quot;,&quot;sizes&quot;:{&quot;start&quot;:0,&quot;end&quot;:55}},&quot;_animation&quot;:&quot;bounceInRight&quot;,&quot;motion_fx_opacity_level&quot;:{&quot;unit&quot;:&quot;px&quot;,&quot;size&quot;:10,&quot;sizes&quot;:[]},&quot;motion_fx_devices&quot;:[&quot;widescreen&quot;,&quot;desktop&quot;,&quot;tablet&quot;,&quot;mobile&quot;]}\" data-widget_type=\"button.default\">\n\t\t\t\t<div class=\"elementor-widget-container\">\n\t\t\t\t\t\t\t\t\t<div class=\"elementor-button-wrapper\">\n\t\t\t\t\t<a class=\"elementor-button elementor-button-link elementor-size-sm elementor-animation-grow\" href=\"https:\/\/ellie-sante.ch\/equipe\/#postuler\">\n\t\t\t\t\t\t<span class=\"elementor-button-content-wrapper\">\n\t\t\t\t\t\t<span class=\"elementor-button-icon\">\n\t\t\t\t<i aria-hidden=\"true\" class=\"far fa-eye\"><\/i>\t\t\t<\/span>\n\t\t\t\t\t\t\t\t\t<span class=\"elementor-button-text\">Nous recrutons !<\/span>\n\t\t\t\t\t<\/span>\n\t\t\t\t\t<\/a>\n\t\t\t\t<\/div>\n\t\t\t\t\t\t\t\t<\/div>\n\t\t\t\t<\/div>\n\t\t\t\t<div class=\"elementor-element elementor-element-6b5809c elementor-widget elementor-widget-image\" data-id=\"6b5809c\" data-element_type=\"widget\" data-e-type=\"widget\" data-widget_type=\"image.default\">\n\t\t\t\t<div class=\"elementor-widget-container\">\n\t\t\t\t\t\t\t\t\t\t\t\t\t\t\t<img fetchpriority=\"high\" decoding=\"async\" width=\"800\" height=\"897\" src=\"https:\/\/ellie-sante.ch\/wp-content\/uploads\/2023\/10\/ELL_Pattern_PROD_WEB_04CP-e1699263415115-913x1024.png\" class=\"attachment-large size-large wp-image-28906\" alt=\"\" srcset=\"https:\/\/ellie-sante.ch\/wp-content\/uploads\/2023\/10\/ELL_Pattern_PROD_WEB_04CP-e1699263415115-913x1024.png 913w, https:\/\/ellie-sante.ch\/wp-content\/uploads\/2023\/10\/ELL_Pattern_PROD_WEB_04CP-e1699263415115-268x300.png 268w, https:\/\/ellie-sante.ch\/wp-content\/uploads\/2023\/10\/ELL_Pattern_PROD_WEB_04CP-e1699263415115-768x861.png 768w, https:\/\/ellie-sante.ch\/wp-content\/uploads\/2023\/10\/ELL_Pattern_PROD_WEB_04CP-e1699263415115-1370x1536.png 1370w, https:\/\/ellie-sante.ch\/wp-content\/uploads\/2023\/10\/ELL_Pattern_PROD_WEB_04CP-e1699263415115.png 1651w\" sizes=\"(max-width: 800px) 100vw, 800px\" \/>\t\t\t\t\t\t\t\t\t\t\t\t\t\t\t<\/div>\n\t\t\t\t<\/div>\n\t\t\t\t<div class=\"elementor-element elementor-element-9274ec8 elementor-invisible elementor-widget elementor-widget-theme-site-logo elementor-widget-image\" data-id=\"9274ec8\" data-element_type=\"widget\" data-e-type=\"widget\" data-settings=\"{&quot;_animation&quot;:&quot;fadeInUp&quot;,&quot;_animation_delay&quot;:100}\" data-widget_type=\"theme-site-logo.default\">\n\t\t\t\t<div class=\"elementor-widget-container\">\n\t\t\t\t\t\t\t\t\t\t\t<a href=\"https:\/\/ellie-sante.ch\/en\">\n\t\t\t<img decoding=\"async\" width=\"2560\" height=\"1066\" src=\"https:\/\/ellie-sante.ch\/wp-content\/uploads\/2023\/10\/ELL_Logo_Noir_Descrip_PROD_2023.png\" class=\"elementor-animation-float attachment-full size-full wp-image-29452\" alt=\"\" srcset=\"https:\/\/ellie-sante.ch\/wp-content\/uploads\/2023\/10\/ELL_Logo_Noir_Descrip_PROD_2023.png 2560w, https:\/\/ellie-sante.ch\/wp-content\/uploads\/2023\/10\/ELL_Logo_Noir_Descrip_PROD_2023-300x125.png 300w, https:\/\/ellie-sante.ch\/wp-content\/uploads\/2023\/10\/ELL_Logo_Noir_Descrip_PROD_2023-1024x427.png 1024w, https:\/\/ellie-sante.ch\/wp-content\/uploads\/2023\/10\/ELL_Logo_Noir_Descrip_PROD_2023-768x320.png 768w, https:\/\/ellie-sante.ch\/wp-content\/uploads\/2023\/10\/ELL_Logo_Noir_Descrip_PROD_2023-1536x640.png 1536w, https:\/\/ellie-sante.ch\/wp-content\/uploads\/2023\/10\/ELL_Logo_Noir_Descrip_PROD_2023-2048x853.png 2048w\" sizes=\"(max-width: 2560px) 100vw, 2560px\" \/>\t\t\t\t<\/a>\n\t\t\t\t\t\t\t\t\t\t\t<\/div>\n\t\t\t\t<\/div>\n\t\t\t\t<\/div>\n\t\t<div class=\"elementor-element elementor-element-4b9c096 e-con-full e-flex e-con e-parent\" data-id=\"4b9c096\" data-element_type=\"container\" data-e-type=\"container\" data-settings=\"{&quot;background_background&quot;:&quot;classic&quot;}\">\n\t\t<div class=\"elementor-element elementor-element-58a0960 e-con-full e-flex e-con e-child\" data-id=\"58a0960\" data-element_type=\"container\" data-e-type=\"container\">\n\t\t\t\t<div class=\"elementor-element elementor-element-062475e logo elementor-invisible elementor-widget elementor-widget-heading\" data-id=\"062475e\" data-element_type=\"widget\" data-e-type=\"widget\" data-settings=\"{&quot;_animation&quot;:&quot;fadeInUp&quot;,&quot;_animation_delay&quot;:200}\" data-widget_type=\"heading.default\">\n\t\t\t\t<div class=\"elementor-widget-container\">\n\t\t\t\t\t<h1 class=\"elementor-heading-title elementor-size-default\">Centre m\u00e9dical pluridisciplinaire<\/h1>\t\t\t\t<\/div>\n\t\t\t\t<\/div>\n\t\t\t\t<div class=\"elementor-element elementor-element-cad8018 elementor-invisible elementor-widget elementor-widget-heading\" data-id=\"cad8018\" data-element_type=\"widget\" data-e-type=\"widget\" data-settings=\"{&quot;_animation&quot;:&quot;fadeInUp&quot;,&quot;_animation_delay&quot;:300}\" data-widget_type=\"heading.default\">\n\t\t\t\t<div class=\"elementor-widget-container\">\n\t\t\t\t\t<p class=\"elementor-heading-title elementor-size-default\">Une \u00e9quipe sp\u00e9cialis\u00e9e et bienveillante de \nm\u00e9decins gyn\u00e9cologues, sages-femmes, \nost\u00e9opathes, physioth\u00e9rapeutes, di\u00e9t\u00e9ticiennes et psychologues vous propose des consultations et des soins de qualit\u00e9 pour les femmes.<\/p>\t\t\t\t<\/div>\n\t\t\t\t<\/div>\n\t\t\t\t<\/div>\n\t\t<div class=\"elementor-element elementor-element-cb0397b e-con-full elementor-hidden-mobile e-flex e-con e-child\" data-id=\"cb0397b\" data-element_type=\"container\" data-e-type=\"container\">\n\t\t\t\t<div class=\"elementor-element elementor-element-9f09dda elementor-hidden-tablet elementor-hidden-mobile elementor-absolute elementor-widget__width-initial elementor-widget elementor-widget-image\" data-id=\"9f09dda\" data-element_type=\"widget\" data-e-type=\"widget\" data-settings=\"{&quot;_position&quot;:&quot;absolute&quot;}\" data-widget_type=\"image.default\">\n\t\t\t\t<div class=\"elementor-widget-container\">\n\t\t\t\t\t\t\t\t\t\t\t\t\t\t\t<img decoding=\"async\" width=\"612\" height=\"408\" src=\"https:\/\/ellie-sante.ch\/wp-content\/uploads\/2023\/10\/ELL_Pattern_PROD_WEB_06CP-removebg-preview-2-1.png\" class=\"attachment-large size-large wp-image-29323\" alt=\"\" srcset=\"https:\/\/ellie-sante.ch\/wp-content\/uploads\/2023\/10\/ELL_Pattern_PROD_WEB_06CP-removebg-preview-2-1.png 612w, https:\/\/ellie-sante.ch\/wp-content\/uploads\/2023\/10\/ELL_Pattern_PROD_WEB_06CP-removebg-preview-2-1-300x200.png 300w\" sizes=\"(max-width: 612px) 100vw, 612px\" \/>\t\t\t\t\t\t\t\t\t\t\t\t\t\t\t<\/div>\n\t\t\t\t<\/div>\n\t\t\t\t<\/div>\n\t\t\t\t<\/div>\n\t\t<div class=\"elementor-element elementor-element-6a7776c e-con-full e-flex e-con e-parent\" data-id=\"6a7776c\" data-element_type=\"container\" data-e-type=\"container\" data-settings=\"{&quot;background_background&quot;:&quot;classic&quot;}\">\n\t\t<div class=\"elementor-element elementor-element-6b166cc e-con-full e-flex e-con e-child\" data-id=\"6b166cc\" data-element_type=\"container\" data-e-type=\"container\" data-settings=\"{&quot;background_background&quot;:&quot;classic&quot;}\">\n\t\t\t\t<\/div>\n\t\t<div class=\"elementor-element elementor-element-60a971e e-con-full e-flex e-con e-child\" data-id=\"60a971e\" data-element_type=\"container\" data-e-type=\"container\">\n\t\t\t\t<div class=\"elementor-element elementor-element-bf29602 elementor-invisible elementor-widget elementor-widget-heading\" data-id=\"bf29602\" data-element_type=\"widget\" data-e-type=\"widget\" data-settings=\"{&quot;_animation&quot;:&quot;fadeInUp&quot;,&quot;_animation_delay&quot;:200}\" data-widget_type=\"heading.default\">\n\t\t\t\t<div class=\"elementor-widget-container\">\n\t\t\t\t\t<p class=\"elementor-heading-title elementor-size-default\">Les m\u00e9decins et th\u00e9rapeutes du centre ellie accompagnent avec empathie les femmes tout au long de leur vie, de l\u2019adolescence \u00e0 l\u2019\u00e2ge avanc\u00e9. <\/p>\t\t\t\t<\/div>\n\t\t\t\t<\/div>\n\t\t\t\t<\/div>\n\t\t\t\t<\/div>\n\t\t<div class=\"elementor-element elementor-element-cd2a068 e-con-full elementor-hidden-widescreen elementor-hidden-desktop elementor-hidden-tablet elementor-hidden-mobile e-flex e-con e-parent\" data-id=\"cd2a068\" data-element_type=\"container\" data-e-type=\"container\" data-settings=\"{&quot;background_background&quot;:&quot;classic&quot;}\">\n\t\t<div class=\"elementor-element elementor-element-dd1c47e e-con-full e-flex e-con e-child\" data-id=\"dd1c47e\" data-element_type=\"container\" data-e-type=\"container\">\n\t\t\t\t<div class=\"elementor-element elementor-element-f87a012 elementor-invisible elementor-widget elementor-widget-heading\" data-id=\"f87a012\" data-element_type=\"widget\" data-e-type=\"widget\" data-settings=\"{&quot;_animation&quot;:&quot;fadeInUp&quot;,&quot;_animation_delay&quot;:200}\" data-widget_type=\"heading.default\">\n\t\t\t\t<div class=\"elementor-widget-container\">\n\t\t\t\t\t<p class=\"elementor-heading-title elementor-size-default\">ellie, centre de sant\u00e9 innovant et pluridisciplinaire, vous accueille dans des locaux modernes et chaleureux. <\/p>\t\t\t\t<\/div>\n\t\t\t\t<\/div>\n\t\t\t\t<\/div>\n\t\t<div class=\"elementor-element elementor-element-ee5d8a1 e-flex e-con-boxed e-con e-child\" data-id=\"ee5d8a1\" data-element_type=\"container\" data-e-type=\"container\">\n\t\t\t\t\t<div class=\"e-con-inner\">\n\t\t\t\t<div class=\"elementor-element elementor-element-d5b9231 animated-slow elementor-widget elementor-widget-image\" data-id=\"d5b9231\" data-element_type=\"widget\" data-e-type=\"widget\" data-settings=\"{&quot;_animation&quot;:&quot;none&quot;}\" data-widget_type=\"image.default\">\n\t\t\t\t<div class=\"elementor-widget-container\">\n\t\t\t\t\t\t\t\t\t\t\t\t\t\t\t<img loading=\"lazy\" decoding=\"async\" width=\"251\" height=\"193\" src=\"https:\/\/ellie-sante.ch\/wp-content\/uploads\/2023\/10\/ELL_Pattern_PROD_WEB_06CP-removebg-preview-2-e1699263783183.png\" class=\"attachment-large size-large wp-image-29093\" alt=\"\" \/>\t\t\t\t\t\t\t\t\t\t\t\t\t\t\t<\/div>\n\t\t\t\t<\/div>\n\t\t\t\t\t<\/div>\n\t\t\t\t<\/div>\n\t\t\t\t<\/div>\n\t\t<div class=\"elementor-element elementor-element-115b79c e-con-full e-flex e-con e-parent\" data-id=\"115b79c\" data-element_type=\"container\" data-e-type=\"container\" data-settings=\"{&quot;background_background&quot;:&quot;classic&quot;}\">\n\t\t<div class=\"elementor-element elementor-element-95a22f2 e-con-full e-flex e-con e-child\" data-id=\"95a22f2\" data-element_type=\"container\" data-e-type=\"container\">\n\t\t\t\t<div class=\"elementor-element elementor-element-9b4ae83 elementor-invisible elementor-widget elementor-widget-heading\" data-id=\"9b4ae83\" data-element_type=\"widget\" data-e-type=\"widget\" data-settings=\"{&quot;_animation&quot;:&quot;fadeInUp&quot;,&quot;_animation_delay&quot;:200}\" data-widget_type=\"heading.default\">\n\t\t\t\t<div class=\"elementor-widget-container\">\n\t\t\t\t\t<p class=\"elementor-heading-title elementor-size-default\">ellie, centre de sant\u00e9 innovant et pluridisciplinaire, vous accueille dans des locaux modernes et chaleureux. <\/p>\t\t\t\t<\/div>\n\t\t\t\t<\/div>\n\t\t\t\t<div class=\"elementor-element elementor-element-1c3e529 animated-slow elementor-widget elementor-widget-image\" data-id=\"1c3e529\" data-element_type=\"widget\" data-e-type=\"widget\" data-settings=\"{&quot;_animation&quot;:&quot;none&quot;}\" data-widget_type=\"image.default\">\n\t\t\t\t<div class=\"elementor-widget-container\">\n\t\t\t\t\t\t\t\t\t\t\t\t\t\t\t<img loading=\"lazy\" decoding=\"async\" width=\"251\" height=\"193\" src=\"https:\/\/ellie-sante.ch\/wp-content\/uploads\/2023\/10\/ELL_Pattern_PROD_WEB_06CP-removebg-preview-2-e1699263783183.png\" class=\"attachment-large size-large wp-image-29093\" alt=\"\" \/>\t\t\t\t\t\t\t\t\t\t\t\t\t\t\t<\/div>\n\t\t\t\t<\/div>\n\t\t\t\t<\/div>\n\t\t<div class=\"elementor-element elementor-element-07c7f21 e-con-full e-flex e-con e-child\" data-id=\"07c7f21\" data-element_type=\"container\" data-e-type=\"container\">\n\t\t<div class=\"elementor-element elementor-element-ae63fe6 e-con-full e-flex e-con e-child\" data-id=\"ae63fe6\" data-element_type=\"container\" data-e-type=\"container\" data-settings=\"{&quot;background_background&quot;:&quot;classic&quot;}\">\n\t\t\t\t<div class=\"elementor-element elementor-element-e7bc5c9 elementor--h-position-center elementor--v-position-middle elementor-arrows-position-inside elementor-pagination-position-inside elementor-widget elementor-widget-slides\" data-id=\"e7bc5c9\" data-element_type=\"widget\" data-e-type=\"widget\" data-settings=\"{&quot;autoplay_speed&quot;:3000,&quot;navigation&quot;:&quot;both&quot;,&quot;autoplay&quot;:&quot;yes&quot;,&quot;infinite&quot;:&quot;yes&quot;,&quot;transition&quot;:&quot;slide&quot;,&quot;transition_speed&quot;:500}\" data-widget_type=\"slides.default\">\n\t\t\t\t<div class=\"elementor-widget-container\">\n\t\t\t\t\t\t\t\t\t<div class=\"elementor-swiper\">\n\t\t\t\t\t<div class=\"elementor-slides-wrapper elementor-main-swiper swiper\" role=\"region\" aria-roledescription=\"carousel\" aria-label=\"Diapositives\" dir=\"ltr\" data-animation=\"fadeInUp\">\n\t\t\t\t<div class=\"swiper-wrapper elementor-slides\">\n\t\t\t\t\t\t\t\t\t\t<div class=\"elementor-repeater-item-1202ec7 swiper-slide\" role=\"group\" aria-roledescription=\"slide\"><div class=\"swiper-slide-bg elementor-ken-burns elementor-ken-burns--in\" role=\"img\" aria-label=\"Clinique_acceuil_1\"><\/div><div class=\"swiper-slide-inner\" ><div class=\"swiper-slide-contents\"><\/div><\/div><\/div><div class=\"elementor-repeater-item-cef2617 swiper-slide\" role=\"group\" aria-roledescription=\"slide\"><div class=\"swiper-slide-bg elementor-ken-burns elementor-ken-burns--in\" role=\"img\" aria-label=\"Clinique_acceuil_3\"><\/div><div class=\"swiper-slide-inner\" ><div class=\"swiper-slide-contents\"><\/div><\/div><\/div><div class=\"elementor-repeater-item-4526e53 swiper-slide\" role=\"group\" aria-roledescription=\"slide\"><div class=\"swiper-slide-bg elementor-ken-burns elementor-ken-burns--in\" role=\"img\" aria-label=\"Clinique_attente_1\"><\/div><div class=\"swiper-slide-inner\" ><div class=\"swiper-slide-contents\"><\/div><\/div><\/div><div class=\"elementor-repeater-item-14e423a swiper-slide\" role=\"group\" aria-roledescription=\"slide\"><div class=\"swiper-slide-bg elementor-ken-burns elementor-ken-burns--in\" role=\"img\" aria-label=\"clinique_bureau_1_1\"><\/div><div class=\"swiper-slide-inner\" ><div class=\"swiper-slide-contents\"><\/div><\/div><\/div><div class=\"elementor-repeater-item-7e4e352 swiper-slide\" role=\"group\" aria-roledescription=\"slide\"><div class=\"swiper-slide-bg elementor-ken-burns elementor-ken-burns--in\" role=\"img\" aria-label=\"clinique_bureau_1_4\"><\/div><div class=\"swiper-slide-inner\" ><div class=\"swiper-slide-contents\"><\/div><\/div><\/div><div class=\"elementor-repeater-item-6db4ee3 swiper-slide\" role=\"group\" aria-roledescription=\"slide\"><div class=\"swiper-slide-bg elementor-ken-burns elementor-ken-burns--in\" role=\"img\" aria-label=\"Clinique_bureau_2_1\"><\/div><div class=\"swiper-slide-inner\" ><div class=\"swiper-slide-contents\"><\/div><\/div><\/div>\t\t\t\t<\/div>\n\t\t\t\t\t\t\t\t\t\t\t\t\t\t\t<div class=\"elementor-swiper-button elementor-swiper-button-prev\" role=\"button\" tabindex=\"0\" aria-label=\"Diapositive pr\u00e9c\u00e9dente\">\n\t\t\t\t\t\t\t<i aria-hidden=\"true\" class=\"eicon-chevron-left\"><\/i>\t\t\t\t\t\t<\/div>\n\t\t\t\t\t\t<div class=\"elementor-swiper-button elementor-swiper-button-next\" role=\"button\" tabindex=\"0\" aria-label=\"Diapositive suivante\">\n\t\t\t\t\t\t\t<i aria-hidden=\"true\" class=\"eicon-chevron-right\"><\/i>\t\t\t\t\t\t<\/div>\n\t\t\t\t\t\t\t\t\t\t\t\t\t\t\t\t<div class=\"swiper-pagination\"><\/div>\n\t\t\t\t\t\t\t\t\t\t\t\t<\/div>\n\t\t\t\t<\/div>\n\t\t\t\t\t\t\t\t<\/div>\n\t\t\t\t<\/div>\n\t\t\t\t<\/div>\n\t\t\t\t<\/div>\n\t\t\t\t<\/div>\n\t\t<div class=\"elementor-element elementor-element-409656f e-con-full e-flex e-con e-parent\" data-id=\"409656f\" data-element_type=\"container\" data-e-type=\"container\" data-settings=\"{&quot;background_background&quot;:&quot;classic&quot;}\">\n\t\t\t\t<\/div>\n\t\t\t\t<\/div>\n\t\t","protected":false},"excerpt":{"rendered":"<p>Ellie Sante &#8211; Cabinet de gyn\u00e9cologie \u00e0 Beaulieu Lausanne, Vaud<\/p>","protected":false},"author":1,"featured_media":28849,"parent":0,"menu_order":0,"comment_status":"closed","ping_status":"closed","template":"elementor_header_footer","meta":{"footnotes":""},"class_list":["post-28846","page","type-page","status-publish","has-post-thumbnail","hentry"],"yoast_head":"<!-- This site is optimized with the Yoast SEO plugin v27.3 - https:\/\/yoast.com\/product\/yoast-seo-wordpress\/ -->\n<title>Accueil - Ellie - Sant\u00e9 de la femme<\/title>\n<meta name=\"robots\" content=\"index, follow, max-snippet:-1, max-image-preview:large, max-video-preview:-1\" \/>\n<link rel=\"canonical\" href=\"https:\/\/ellie-sante.ch\/en\/\" \/>\n<meta property=\"og:locale\" content=\"en_GB\" \/>\n<meta property=\"og:type\" content=\"article\" \/>\n<meta property=\"og:title\" content=\"Accueil - Ellie - Sant\u00e9 de la femme\" \/>\n<meta property=\"og:description\" content=\"Ellie Sante - Cabinet de gyn\u00e9cologie \u00e0 Beaulieu Lausanne, Vaud\" \/>\n<meta property=\"og:url\" content=\"https:\/\/ellie-sante.ch\/en\/\" \/>\n<meta property=\"og:site_name\" content=\"Ellie - Sant\u00e9 de la femme\" \/>\n<meta property=\"article:modified_time\" content=\"2026-03-30T19:45:51+00:00\" \/>\n<meta property=\"og:image\" content=\"https:\/\/ellie-sante.ch\/wp-content\/uploads\/2023\/10\/Capture-decran-2023-05-25-a-17.41.15.png\" \/>\n\t<meta property=\"og:image:width\" content=\"886\" \/>\n\t<meta property=\"og:image:height\" content=\"1078\" \/>\n\t<meta property=\"og:image:type\" content=\"image\/png\" \/>\n<meta name=\"twitter:card\" content=\"summary_large_image\" \/>\n<meta name=\"twitter:label1\" content=\"Estimated reading time\" \/>\n\t<meta name=\"twitter:data1\" content=\"2 minutes\" \/>\n<script type=\"application\/ld+json\" class=\"yoast-schema-graph\">{\"@context\":\"https:\\\/\\\/schema.org\",\"@graph\":[{\"@type\":\"WebPage\",\"@id\":\"https:\\\/\\\/ellie-sante.ch\\\/\",\"url\":\"https:\\\/\\\/ellie-sante.ch\\\/\",\"name\":\"Accueil - Ellie - Sant\u00e9 de la femme\",\"isPartOf\":{\"@id\":\"https:\\\/\\\/ellie-sante.ch\\\/#website\"},\"primaryImageOfPage\":{\"@id\":\"https:\\\/\\\/ellie-sante.ch\\\/#primaryimage\"},\"image\":{\"@id\":\"https:\\\/\\\/ellie-sante.ch\\\/#primaryimage\"},\"thumbnailUrl\":\"https:\\\/\\\/ellie-sante.ch\\\/wp-content\\\/uploads\\\/2023\\\/10\\\/Capture-decran-2023-05-25-a-17.41.15.png\",\"datePublished\":\"2023-10-01T14:17:06+00:00\",\"dateModified\":\"2026-03-30T19:45:51+00:00\",\"breadcrumb\":{\"@id\":\"https:\\\/\\\/ellie-sante.ch\\\/#breadcrumb\"},\"inLanguage\":\"en-GB\",\"potentialAction\":[{\"@type\":\"ReadAction\",\"target\":[\"https:\\\/\\\/ellie-sante.ch\\\/\"]}]},{\"@type\":\"ImageObject\",\"inLanguage\":\"en-GB\",\"@id\":\"https:\\\/\\\/ellie-sante.ch\\\/#primaryimage\",\"url\":\"https:\\\/\\\/ellie-sante.ch\\\/wp-content\\\/uploads\\\/2023\\\/10\\\/Capture-decran-2023-05-25-a-17.41.15.png\",\"contentUrl\":\"https:\\\/\\\/ellie-sante.ch\\\/wp-content\\\/uploads\\\/2023\\\/10\\\/Capture-decran-2023-05-25-a-17.41.15.png\",\"width\":886,\"height\":1078},{\"@type\":\"BreadcrumbList\",\"@id\":\"https:\\\/\\\/ellie-sante.ch\\\/#breadcrumb\",\"itemListElement\":[{\"@type\":\"ListItem\",\"position\":1,\"name\":\"Accueil\",\"item\":\"https:\\\/\\\/ellie-sante.ch\\\/\"},{\"@type\":\"ListItem\",\"position\":2,\"name\":\"Accueil\"}]},{\"@type\":\"WebSite\",\"@id\":\"https:\\\/\\\/ellie-sante.ch\\\/#website\",\"url\":\"https:\\\/\\\/ellie-sante.ch\\\/\",\"name\":\"Ellie Sante\",\"description\":\"Centre m\u00e9dical pluridisciplinaire \u00e0 Lausanne, d\u00e9di\u00e9 \u00e0 la sant\u00e9 globale des femmes. Gyn\u00e9cologie, Obst\u00e9trique, Sage-femme, Psychoth\u00e9rapie, Ost\u00e9opathie, Physioth\u00e9rapie, Di\u00e9t\u00e9tique, R\u00e9flexologie.\",\"publisher\":{\"@id\":\"https:\\\/\\\/ellie-sante.ch\\\/#organization\"},\"potentialAction\":[{\"@type\":\"SearchAction\",\"target\":{\"@type\":\"EntryPoint\",\"urlTemplate\":\"https:\\\/\\\/ellie-sante.ch\\\/?s={search_term_string}\"},\"query-input\":{\"@type\":\"PropertyValueSpecification\",\"valueRequired\":true,\"valueName\":\"search_term_string\"}}],\"inLanguage\":\"en-GB\"},{\"@type\":\"Organization\",\"@id\":\"https:\\\/\\\/ellie-sante.ch\\\/#organization\",\"name\":\"Ellie Sante\",\"url\":\"https:\\\/\\\/ellie-sante.ch\\\/\",\"logo\":{\"@type\":\"ImageObject\",\"inLanguage\":\"en-GB\",\"@id\":\"https:\\\/\\\/ellie-sante.ch\\\/#\\\/schema\\\/logo\\\/image\\\/\",\"url\":\"https:\\\/\\\/ellie-sante.ch\\\/wp-content\\\/uploads\\\/2023\\\/10\\\/ELL_Logo_Noir_Descrip_PROD_2023.png\",\"contentUrl\":\"https:\\\/\\\/ellie-sante.ch\\\/wp-content\\\/uploads\\\/2023\\\/10\\\/ELL_Logo_Noir_Descrip_PROD_2023.png\",\"width\":2560,\"height\":1066,\"caption\":\"Ellie Sante\"},\"image\":{\"@id\":\"https:\\\/\\\/ellie-sante.ch\\\/#\\\/schema\\\/logo\\\/image\\\/\"}}]}<\/script>\n<!-- \/ Yoast SEO plugin. -->","yoast_head_json":{"title":"Accueil - Ellie - Sant\u00e9 de la femme","robots":{"index":"index","follow":"follow","max-snippet":"max-snippet:-1","max-image-preview":"max-image-preview:large","max-video-preview":"max-video-preview:-1"},"canonical":"https:\/\/ellie-sante.ch\/en\/","og_locale":"en_GB","og_type":"article","og_title":"Accueil - Ellie - Sant\u00e9 de la femme","og_description":"Ellie Sante - Cabinet de gyn\u00e9cologie \u00e0 Beaulieu Lausanne, Vaud","og_url":"https:\/\/ellie-sante.ch\/en\/","og_site_name":"Ellie - Sant\u00e9 de la femme","article_modified_time":"2026-03-30T19:45:51+00:00","og_image":[{"width":886,"height":1078,"url":"https:\/\/ellie-sante.ch\/wp-content\/uploads\/2023\/10\/Capture-decran-2023-05-25-a-17.41.15.png","type":"image\/png"}],"twitter_card":"summary_large_image","twitter_misc":{"Estimated reading time":"2 minutes"},"schema":{"@context":"https:\/\/schema.org","@graph":[{"@type":"WebPage","@id":"https:\/\/ellie-sante.ch\/","url":"https:\/\/ellie-sante.ch\/","name":"Accueil - Ellie - Sant\u00e9 de la femme","isPartOf":{"@id":"https:\/\/ellie-sante.ch\/#website"},"primaryImageOfPage":{"@id":"https:\/\/ellie-sante.ch\/#primaryimage"},"image":{"@id":"https:\/\/ellie-sante.ch\/#primaryimage"},"thumbnailUrl":"https:\/\/ellie-sante.ch\/wp-content\/uploads\/2023\/10\/Capture-decran-2023-05-25-a-17.41.15.png","datePublished":"2023-10-01T14:17:06+00:00","dateModified":"2026-03-30T19:45:51+00:00","breadcrumb":{"@id":"https:\/\/ellie-sante.ch\/#breadcrumb"},"inLanguage":"en-GB","potentialAction":[{"@type":"ReadAction","target":["https:\/\/ellie-sante.ch\/"]}]},{"@type":"ImageObject","inLanguage":"en-GB","@id":"https:\/\/ellie-sante.ch\/#primaryimage","url":"https:\/\/ellie-sante.ch\/wp-content\/uploads\/2023\/10\/Capture-decran-2023-05-25-a-17.41.15.png","contentUrl":"https:\/\/ellie-sante.ch\/wp-content\/uploads\/2023\/10\/Capture-decran-2023-05-25-a-17.41.15.png","width":886,"height":1078},{"@type":"BreadcrumbList","@id":"https:\/\/ellie-sante.ch\/#breadcrumb","itemListElement":[{"@type":"ListItem","position":1,"name":"Accueil","item":"https:\/\/ellie-sante.ch\/"},{"@type":"ListItem","position":2,"name":"Accueil"}]},{"@type":"WebSite","@id":"https:\/\/ellie-sante.ch\/#website","url":"https:\/\/ellie-sante.ch\/","name":"Ellie Sante","description":"Centre m\u00e9dical pluridisciplinaire \u00e0 Lausanne, d\u00e9di\u00e9 \u00e0 la sant\u00e9 globale des femmes. Gyn\u00e9cologie, Obst\u00e9trique, Sage-femme, Psychoth\u00e9rapie, Ost\u00e9opathie, Physioth\u00e9rapie, Di\u00e9t\u00e9tique, R\u00e9flexologie.","publisher":{"@id":"https:\/\/ellie-sante.ch\/#organization"},"potentialAction":[{"@type":"SearchAction","target":{"@type":"EntryPoint","urlTemplate":"https:\/\/ellie-sante.ch\/?s={search_term_string}"},"query-input":{"@type":"PropertyValueSpecification","valueRequired":true,"valueName":"search_term_string"}}],"inLanguage":"en-GB"},{"@type":"Organization","@id":"https:\/\/ellie-sante.ch\/#organization","name":"Ellie Sante","url":"https:\/\/ellie-sante.ch\/","logo":{"@type":"ImageObject","inLanguage":"en-GB","@id":"https:\/\/ellie-sante.ch\/#\/schema\/logo\/image\/","url":"https:\/\/ellie-sante.ch\/wp-content\/uploads\/2023\/10\/ELL_Logo_Noir_Descrip_PROD_2023.png","contentUrl":"https:\/\/ellie-sante.ch\/wp-content\/uploads\/2023\/10\/ELL_Logo_Noir_Descrip_PROD_2023.png","width":2560,"height":1066,"caption":"Ellie Sante"},"image":{"@id":"https:\/\/ellie-sante.ch\/#\/schema\/logo\/image\/"}}]}},"_links":{"self":[{"href":"https:\/\/ellie-sante.ch\/en\/wp-json\/wp\/v2\/pages\/28846","targetHints":{"allow":["GET"]}}],"collection":[{"href":"https:\/\/ellie-sante.ch\/en\/wp-json\/wp\/v2\/pages"}],"about":[{"href":"https:\/\/ellie-sante.ch\/en\/wp-json\/wp\/v2\/types\/page"}],"author":[{"embeddable":true,"href":"https:\/\/ellie-sante.ch\/en\/wp-json\/wp\/v2\/users\/1"}],"replies":[{"embeddable":true,"href":"https:\/\/ellie-sante.ch\/en\/wp-json\/wp\/v2\/comments?post=28846"}],"version-history":[{"count":923,"href":"https:\/\/ellie-sante.ch\/en\/wp-json\/wp\/v2\/pages\/28846\/revisions"}],"predecessor-version":[{"id":32452,"href":"https:\/\/ellie-sante.ch\/en\/wp-json\/wp\/v2\/pages\/28846\/revisions\/32452"}],"wp:featuredmedia":[{"embeddable":true,"href":"https:\/\/ellie-sante.ch\/en\/wp-json\/wp\/v2\/media\/28849"}],"wp:attachment":[{"href":"https:\/\/ellie-sante.ch\/en\/wp-json\/wp\/v2\/media?parent=28846"}],"curies":[{"name":"wp","href":"https:\/\/api.w.org\/{rel}","templated":true}]}}